{"id":27,"date":"2021-01-19T23:05:53","date_gmt":"2021-01-19T21:05:53","guid":{"rendered":"http:\/\/wp13621818.server-he.de\/?page_id=27"},"modified":"2022-02-02T17:54:44","modified_gmt":"2022-02-02T15:54:44","slug":"impressum","status":"publish","type":"page","link":"https:\/\/europaeischeverlagsanstalt.de\/?page_id=27","title":{"rendered":"Impressum"},"content":{"rendered":"<section class=\"l-section wpb_row height_medium\"><div class=\"l-section-h i-cf\"><div class=\"g-cols vc_row type_default valign_top\"><div class=\"vc_col-sm-12 wpb_column vc_column_container\"><div class=\"vc_column-inner\"><div class=\"wpb_wrapper\">[vc_custom_heading text=&#8221;Impressum &amp; Haftungsausschluss&#8221; google_fonts=&#8221;font_family:Open%20Sans%3A300%2C300italic%2Cregular%2Citalic%2C600%2C600italic%2C700%2C700italic%2C800%2C800italic|font_style:600%20bold%20regular%3A600%3Anormal&#8221; css=&#8221;%7B%22default%22%3A%7B%22color%22%3A%22_content_heading%22%2C%22font-weight%22%3A%22700%22%2C%22font-size%22%3A%2228px%22%7D%7D&#8221;]<\/div><\/div><\/div><\/div><\/div><\/section><section class=\"l-section wpb_row us_custom_4edece6e height_medium\"><div class=\"l-section-h i-cf\"><div class=\"g-cols vc_row type_default valign_top\"><div class=\"vc_col-sm-12 wpb_column vc_column_container\"><div class=\"vc_column-inner\"><div class=\"wpb_wrapper\"><div class=\"wpb_text_column us_custom_59255221\" ><div class=\"wpb_wrapper\"><p>Verantwortlich im Sinne des Presserechts, des Datenschutzrechts sowie Diensteanbieter nach \u00a7 6 des Medienstaatsvertrages und \u00a7 6 des Teledienstgesetzes:<\/p>\n<p>\u00a9 2021 CEP Europ\u00e4ische Verlagsanstalt GmbH<br \/>\nCEP Europ\u00e4ische Verlagsanstalt GmbH<br \/>\nShanghaiallee 9<br \/>\nD \u2013 20457 Hamburg<\/p>\n<p>Briefpost:<br \/>\nPostfach 13 06 13<br \/>\nD &#8211; 20106 Hamburg<\/p>\n<p>Fon: 040 \/ 45 01 94 &#8211; 0<br \/>\nFax: 040 \/ 45 01 94 &#8211; 50<\/p>\n<p>eMail: info@europaeische-verlagsanstalt.de<br \/>\nhttps:\/\/www.europaeische-verlagsanstalt.de<\/p>\n<p>CEP Europ\u00e4ische Verlagsanstalt GmbH<br \/>\nGesch\u00e4ftsf\u00fchrer: Irmela R\u00fctters<br \/>\nHandelsregisternummer: HRB 120 364 Hamburg<br \/>\nUSt-IdNr. DE 141504858<\/p>\n<p>Dieses Impressum gilt auch f\u00fcr die Facebook-Seite https:\/\/www.facebook.com\/pages\/Europ%C3%A4ische-Verlagsanstalt\/137256086&#8230;<\/p>\n<p>Als verantwortliche Diensteanbieter \u00fcbernehmen wir keine Gew\u00e4hr f\u00fcr die Vollst\u00e4ndigkeit, Richtigkeit und Aktualit\u00e4t der Informationen auf unserer Website.<\/p>\n<p>Alle Texte, die Sie auf den Seiten dieser Website finden, dienen der allgemeinen Information. Unsere Informationen sind kostenlos und wurden sorgf\u00e4ltig erstellt. Wir \u00fcbernehmen gleichwohl keine Verantwortung f\u00fcr Sch\u00e4den, die durch den Gebrauch von oder durch das Vertrauen auf Angaben auf dieser Website beruhen.<\/p>\n<p>Haftungshinweis:<br \/>\nTrotz sorgf\u00e4ltiger inhaltlicher Kontrolle \u00fcbernehmen wir keine Haftung f\u00fcr die Inhalte externer Links. F\u00fcr den Inhalt der verlinkten Seiten sind ausschlie\u00dflich deren Betreiber verantwortlich.<\/p>\n<p>F\u00fcr unsere Texte, Bilder und Grafiken, insbesondere f\u00fcr unsere Datenbanken, beanspruchen wir das Urheberrecht. Unerlaubte Verwendung, Reproduktion oder Weitergabe, im allgemeinen das Downloaden oder Kopieren einzelner Inhalte oder kompletter Seiten, insbesondere von Datenbanken unserer Website, k\u00f6nnen sowohl zivilrechtlich als auch strafrechtlich verfolgt werden.<\/p>\n<p>Gem\u00e4\u00df den gesetzlichen Vorschriften nennen wir hiermit den Link zur Europ\u00e4ische Online-Plattform zur Beilegung von Rechtsstreitigkeiten mit Verbrauchern (\u201eOS-Plattform\u201c): https:\/\/webgate.ec.europa.eu\/odr\/ . Wir weisen allerdings darauf hin, dass die CEP Europ\u00e4ische Verlagsanstalt GmbH \u2013 zumindest derzeit \u2013 noch nicht an der Streitbeilegung \u00fcber die OS-Plattform teilnimmt.<\/p>\n<p>Datenschutzbestimmungen<br \/>\nhttps:\/\/europaeische-verlagsanstalt.de\/content\/datenschutzerklaerung<\/p>\n<p>\u00a9 2021 CEP Europ\u00e4ische Verlagsanstalt GmbH<\/p>\n<\/div><\/div><\/div><\/div><\/div><\/div><\/div><\/section>\n","protected":false},"excerpt":{"rendered":"[vc_custom_heading text=\"Impressum &amp; Haftungsausschluss\" google_fonts=\"font_family:Open%20Sans%3A300%2C300italic%2Cregular%2Citalic%2C600%2C600italic%2C700%2C700italic%2C800%2C800italic|font_style:600%20bold%20regular%3A600%3Anormal\" css=\"%7B%22default%22%3A%7B%22color%22%3A%22_content_heading%22%2C%22font-weight%22%3A%22700%22%2C%22font-size%22%3A%2228px%22%7D%7D\"]Verantwortlich im Sinne des Presserechts, des Datenschutzrechts sowie Diensteanbieter nach \u00a7 6 des Medienstaatsvertrages und \u00a7 6 des Teledienstgesetzes: \u00a9 2021 CEP Europ\u00e4ische Verlagsanstalt GmbH CEP Europ\u00e4ische Verlagsanstalt GmbH Shanghaiallee 9 D \u2013 20457 Hamburg Briefpost: Postfach 13 06 13 D &#8211; 20106 Hamburg Fon: 040 \/ 45 01 94...","protected":false},"author":1,"featured_media":0,"parent":0,"menu_order":0,"comment_status":"closed","ping_status":"closed","template":"","meta":[],"_links":{"self":[{"href":"https:\/\/europaeischeverlagsanstalt.de\/index.php?rest_route=\/wp\/v2\/pages\/27"}],"collection":[{"href":"https:\/\/europaeischeverlagsanstalt.de\/index.php?rest_route=\/wp\/v2\/pages"}],"about":[{"href":"https:\/\/europaeischeverlagsanstalt.de\/index.php?rest_route=\/wp\/v2\/types\/page"}],"author":[{"embeddable":true,"href":"https:\/\/europaeischeverlagsanstalt.de\/index.php?rest_route=\/wp\/v2\/users\/1"}],"replies":[{"embeddable":true,"href":"https:\/\/europaeischeverlagsanstalt.de\/index.php?rest_route=%2Fwp%2Fv2%2Fcomments&post=27"}],"version-history":[{"count":12,"href":"https:\/\/europaeischeverlagsanstalt.de\/index.php?rest_route=\/wp\/v2\/pages\/27\/revisions"}],"predecessor-version":[{"id":3806,"href":"https:\/\/europaeischeverlagsanstalt.de\/index.php?rest_route=\/wp\/v2\/pages\/27\/revisions\/3806"}],"wp:attachment":[{"href":"https:\/\/europaeischeverlagsanstalt.de\/index.php?rest_route=%2Fwp%2Fv2%2Fmedia&parent=27"}],"curies":[{"name":"wp","href":"https:\/\/api.w.org\/{rel}","templated":true}]}}