{"id":25,"date":"2021-01-19T23:05:09","date_gmt":"2021-01-19T21:05:09","guid":{"rendered":"http:\/\/wp13621818.server-he.de\/?page_id=25"},"modified":"2021-03-02T13:17:03","modified_gmt":"2021-03-02T11:17:03","slug":"agb","status":"publish","type":"page","link":"https:\/\/europaeischeverlagsanstalt.de\/?page_id=25","title":{"rendered":"Allgemeine Gesch\u00e4ftsbedingungen"},"content":{"rendered":"<section class=\"l-section wpb_row height_medium\"><div class=\"l-section-h i-cf\"><div class=\"g-cols vc_row type_default valign_top\"><div class=\"vc_col-sm-12 wpb_column vc_column_container\"><div class=\"vc_column-inner\"><div class=\"wpb_wrapper\">[vc_custom_heading text=&#8221;Allgemeine Gesch\u00e4ftsbedingungen&#8221; google_fonts=&#8221;font_family:Open%20Sans%3A300%2C300italic%2Cregular%2Citalic%2C600%2C600italic%2C700%2C700italic%2C800%2C800italic|font_style:600%20bold%20regular%3A600%3Anormal&#8221; css=&#8221;%7B%22default%22%3A%7B%22color%22%3A%22_content_heading%22%2C%22font-weight%22%3A%22700%22%2C%22font-size%22%3A%2228px%22%2C%22padding-bottom%22%3A%220px%22%7D%7D&#8221;]<\/div><\/div><\/div><\/div><\/div><\/section><section class=\"l-section wpb_row us_custom_4edece6e height_medium\"><div class=\"l-section-h i-cf\"><div class=\"g-cols vc_row type_default valign_top\"><div class=\"vc_col-sm-12 wpb_column vc_column_container\"><div class=\"vc_column-inner\"><div class=\"wpb_wrapper\"><div class=\"wpb_text_column us_custom_59255221\" ><div class=\"wpb_wrapper\"><p><strong>\u00a7 1 Geltungsbereich<\/strong><\/p>\n<p>Der Verlag f\u00fchrt Ihre Bestellungen auf der Grundlage der nachfolgenden Allgemeinen Gesch\u00e4ftsbedingungen (AGB) durch. Es gelten die zum Zeitpunkt Ihrer Bestellung hier bereitgehaltenen Bedingungen. Sie k\u00f6nnen den Text auf Ihren Computer herunterladen oder ausdrucken. Von diesen Bedingungen abweichende Regelungen erkennen wir nicht an, es sei denn, sie werden von uns schriftlich best\u00e4tigt.<\/p>\n<p><strong>\u00a7 2 Vertragsabschluss<\/strong><\/p>\n<p>(1) Der Vertrag kommt dadurch zustande, dass wir das durch Ihre Bestellung abgegebene Vertragsangebot durch unsere Auftragsbest\u00e4tigung annehmen. Diese Auftragsbest\u00e4tigung beinhaltet die wesentlichen Inhalte Ihrer Bestellung.<\/p>\n<p>(2) Der Vertrag kommt jedoch erst mit Zusendung der Ware zustande, wenn Sie im Rahmen Ihrer Bestellung keine E-Mail-Adresse angegeben haben, an die wir die Auftragsbest\u00e4tigung h\u00e4tten senden k\u00f6nnen.<\/p>\n<p><strong>\u00a7 3 Ihr Recht auf Widerruf<\/strong><\/p>\n<p>(1) Sie k\u00f6nnen diesen Vertrag innerhalb von 30 Tagen nach Erhalt der Ware per Brief, Fax oder auf einem sonstigen dauerhaften Datentr\u00e4ger ohne Angabe von Gr\u00fcnden widerrufen. Zur Fristwahrung gen\u00fcgt die rechtzeitige Absendung. Statt eines Schreibens k\u00f6nnen Sie auch die Ware innerhalb von 30 Tagen ab Lieferung zur\u00fccksenden.<\/p>\n<p>(2) Unfrei eingesandte R\u00fccksendungen k\u00f6nnen wir leider nicht annehmen. Wir behalten uns ausdr\u00fccklich vor, Ihnen die daf\u00fcr anfallenden Kosten zu belasten.<\/p>\n<p>(3) Wir erstatten Ihnen nach Eingang der Ware umgehend den Kaufpreis und die R\u00fccksendekosten auf Ihr angegebenes Konto bzw. schreiben den Betrag Ihrem Mitgliedskonto gut. Bitte senden Sie die Ware mit der gleichen Versandart, im Inland m\u00f6glichst per B\u00fcchersendung, zur\u00fcck, die wir f\u00fcr die urspr\u00fcngliche Versendung gew\u00e4hlt haben. Dar\u00fcber hinaus anfallende R\u00fccksendekosten, z.B. f\u00fcr Express- oder Nachtsendungen, werden nicht erstattet.<\/p>\n<p>(4) Wir behalten uns ausdr\u00fccklich vor, die R\u00fccksendekosten bei einem Bestellwert unter 40,- Euro nicht zu erstatten, es sei denn, die gelieferte entspricht nicht der bestellten Ware.<\/p>\n<p>(5) Ein Widerrufsrecht besteht nicht bei Audio-Video-Aufzeichnungen (z.B. CDs, Videokassetten, DVDs) oder Software, die von Ihnen entsiegelt wurde, ferner nicht bei Produkten, die nach Ihrer Kundenspezifikation angefertigt wurden (z.B. Books on Demand; Individualbuch) und Leistungen, die Ihnen online (z.B. Software zum Download) \u00fcbermittelt wurden.<\/p>\n<p><strong>\u00a7 4 Lieferung, Z\u00f6lle und Versandkosten<\/strong><\/p>\n<p>(1) F\u00fcr Porto und Verpackung erheben wir innerhalb Deutschlands f\u00fcr das erste Buch Euro 1,50. Ab dem zweiten Buch betragen die Porto- und Versandkosten Euro 3,50. Ab einem Bestellwert von Euro 60,\u2013 sind Bestellungen innerhalb Deutschlands porto- und versandkostenfrei.<\/p>\n<p>Vorbestellte B\u00fccher und Nachlieferungen werden porto- und versandkostenfrei versandt.<\/p>\n<p>Bei Sendungen ins Ausland erheben wir f\u00fcr das erste Buch Euro 3,-, ab dem zweiten Buch Euro 7,- Porto- und Versandkosten.<\/p>\n<p>Wir liefern in der Regel innerhalb von f\u00fcnf Werktagen. Diese Angaben sind unverbindlich, soweit nicht ausnahmsweise der Liefertermin verbindlich zugesagt wurde. Der Lieferzeitpunkt kann sich in besonderen F\u00e4llen angemessen verl\u00e4ngern.<\/p>\n<p>(2) Wir sind zu Teillieferungen berechtigt. F\u00fcr Nachlieferungen erheben wir keine Kostenpauschale.<\/p>\n<p>(3) Die Gefahr geht auf den Besteller \u00fcber, sobald die Lieferung unser Auslieferungslager verlassen hat, und zwar auch dann, wenn Teillieferungen erfolgen.<\/p>\n<p><strong>\u00a7 5 Zahlungsbedingungen, Eigentumsvorbehalt<\/strong><\/p>\n<p>(1) Gelieferte Ware bleibt bis zur vollst\u00e4ndigen Zahlung aller bestehenden Forderungen unser Eigentum.<\/p>\n<p>(2) Sie k\u00f6nnen durch \u00dcberweisung oder im Lastschriftverfahren zahlen. F\u00fcr den Fall der R\u00fcckgabe oder Nichteinl\u00f6sung einer Lastschrift erm\u00e4chtigen Sie Ihre Bank hiermit unwiderruflich, uns Ihren Namen und die aktuelle Anschrift mitzuteilen.<\/p>\n<p>(3) Der Kaufpreis ist im Zeitpunkt des Vertragsschlusses netto und ohne Abzug von Skonto f\u00e4llig.<\/p>\n<p>(4) Die Aufrechnung, Wandelung oder Minderung ist nur zul\u00e4ssig, wenn Ihre Forderung schriftlich von uns anerkannt oder rechtskr\u00e4ftig festgestellt ist. Ein Zur\u00fcckbehaltungsrecht besteht nur, wenn Ihr Gegenanspruch auf dem gleichen Vertragsverh\u00e4ltnis beruht.<\/p>\n<p>(5) Wenn Sie trotz Mahnung mit Fristsetzung in Verzug geraten, sind wir zur Erhebung von Zinsen in H\u00f6he von 4% \u00fcber dem Basiszinssatz der Deutschen Bundesbank berechtigt.<\/p>\n<p>(6) Vertrags- und Rechnungsw\u00e4hrung ist der EURO.<\/p>\n<p><strong>\u00a7 6 Haftung und Gew\u00e4hrleistung<\/strong><\/p>\n<p>(1) Treten von uns zu vertretende M\u00e4ngel an gelieferten Waren auf, so werden wir in angemessener Zeit f\u00fcr die Beseitigung des Mangels oder Ersatzlieferung sorgen. Sie k\u00f6nnen jedoch wahlweise den Kauf r\u00fcckg\u00e4ngig oder die Herabsetzung des Kaufpreises geltend machen, wenn eine unzumutbare Verz\u00f6gerung oder Unm\u00f6glichkeit der Nachbesserung oder Ersatzleistung auftritt.<\/p>\n<p>(2) Wir haften f\u00fcr verschuldete Sch\u00e4den bei der Verletzung wesentlicher Vertragspflichten und bei Fehlen zugesicherter Eigenschaften. Dar\u00fcber hinaus besteht eine Haftung &#8211; gleich aus welchem Rechtsgrund &#8211; nur nach dem Produkthaftungsgesetz oder bei grob fahrl\u00e4ssiger oder vors\u00e4tzlicher Schadensverursachung durch uns oder unsere Erf\u00fcllungsgehilfen.<\/p>\n<p>(3) F\u00fcr den Fall einer leicht fahrl\u00e4ssigen Verletzung einer Hauptleistungspflicht beschr\u00e4nkt sich die Haftung h\u00f6chstens bis zum typischerweise vorhersehbaren Schaden, der den Kaufpreis im Regelfall nicht \u00fcberschreitet und auf Sch\u00e4den an der bestellten Ware begrenzt ist.<\/p>\n<p><strong>\u00a7 7 Datenschutz<\/strong><\/p>\n<p>Sie stimmen der Speicherung, Verarbeitung und Nutzung der uns im Rahmen des Bestellvorgangs \u00fcberlassenen personenbezogenen Daten f\u00fcr vertragliche Zwecke und auf Grundlage der Datenschutzbestimmungen ausdr\u00fccklich zu.<\/p>\n<p><strong>\u00a7 8 Sonstiges<\/strong><\/p>\n<p>(1) Es gilt deutsches Recht unter Ausschlu\u00df des UN-Kaufrechts. Gerichtsstand ist, soweit gesetzlich zul\u00e4ssig, Berlin. Ist der K\u00e4ufer Kaufmann, kann der Verlag ihn auch an seinem Sitz verklagen.<\/p>\n<p>(2) Vertrags\u00e4nderungen und die \u00c4nderung dieser AGB einschlie\u00dflich dieser Schriftformklausel bed\u00fcrfen der Schriftform. Die Unwirksamkeit einzelner Bestimmungen ber\u00fchrt nicht die \u00fcbrige Wirksamkeit des Vertrages und dieser AGB.<\/p>\n<\/div><\/div><\/div><\/div><\/div><\/div><\/div><\/section>\n","protected":false},"excerpt":{"rendered":"[vc_custom_heading text=\"Allgemeine Gesch\u00e4ftsbedingungen\" google_fonts=\"font_family:Open%20Sans%3A300%2C300italic%2Cregular%2Citalic%2C600%2C600italic%2C700%2C700italic%2C800%2C800italic|font_style:600%20bold%20regular%3A600%3Anormal\" css=\"%7B%22default%22%3A%7B%22color%22%3A%22_content_heading%22%2C%22font-weight%22%3A%22700%22%2C%22font-size%22%3A%2228px%22%2C%22padding-bottom%22%3A%220px%22%7D%7D\"]\u00a7 1 Geltungsbereich Der Verlag f\u00fchrt Ihre Bestellungen auf der Grundlage der nachfolgenden Allgemeinen Gesch\u00e4ftsbedingungen (AGB) durch. Es gelten die zum Zeitpunkt Ihrer Bestellung hier bereitgehaltenen Bedingungen. Sie k\u00f6nnen den Text auf Ihren Computer herunterladen oder ausdrucken. Von diesen Bedingungen abweichende Regelungen erkennen wir nicht an, es sei denn, sie werden...","protected":false},"author":1,"featured_media":0,"parent":0,"menu_order":0,"comment_status":"closed","ping_status":"closed","template":"","meta":[],"_links":{"self":[{"href":"https:\/\/europaeischeverlagsanstalt.de\/index.php?rest_route=\/wp\/v2\/pages\/25"}],"collection":[{"href":"https:\/\/europaeischeverlagsanstalt.de\/index.php?rest_route=\/wp\/v2\/pages"}],"about":[{"href":"https:\/\/europaeischeverlagsanstalt.de\/index.php?rest_route=\/wp\/v2\/types\/page"}],"author":[{"embeddable":true,"href":"https:\/\/europaeischeverlagsanstalt.de\/index.php?rest_route=\/wp\/v2\/users\/1"}],"replies":[{"embeddable":true,"href":"https:\/\/europaeischeverlagsanstalt.de\/index.php?rest_route=%2Fwp%2Fv2%2Fcomments&post=25"}],"version-history":[{"count":14,"href":"https:\/\/europaeischeverlagsanstalt.de\/index.php?rest_route=\/wp\/v2\/pages\/25\/revisions"}],"predecessor-version":[{"id":1276,"href":"https:\/\/europaeischeverlagsanstalt.de\/index.php?rest_route=\/wp\/v2\/pages\/25\/revisions\/1276"}],"wp:attachment":[{"href":"https:\/\/europaeischeverlagsanstalt.de\/index.php?rest_route=%2Fwp%2Fv2%2Fmedia&parent=25"}],"curies":[{"name":"wp","href":"https:\/\/api.w.org\/{rel}","templated":true}]}}